{"id":944,"date":"2025-10-28T02:00:03","date_gmt":"2025-10-28T02:00:03","guid":{"rendered":"https:\/\/etaxespro.com\/?page_id=944"},"modified":"2025-11-17T03:40:41","modified_gmt":"2025-11-17T03:40:41","slug":"privacy-policy-united-states","status":"publish","type":"page","link":"https:\/\/etaxespro.com\/es\/privacy-policy-united-states\/","title":{"rendered":"Privacy Policy"},"content":{"rendered":"<div data-elementor-type=\"wp-page\" data-elementor-id=\"944\" class=\"elementor elementor-944\">\n\t\t\t\t<div class=\"elementor-element elementor-element-861547c e-flex e-con-boxed e-con e-parent\" data-id=\"861547c\" data-element_type=\"container\" data-settings=\"{&quot;background_background&quot;:&quot;classic&quot;}\">\n\t\t\t\t\t<div class=\"e-con-inner\">\n\t\t\t\t<div class=\"elementor-element elementor-element-b8240e1 elementor-widget elementor-widget-heading\" data-id=\"b8240e1\" data-element_type=\"widget\" data-widget_type=\"heading.default\">\n\t\t\t\t\t<h1 class=\"elementor-heading-title elementor-size-default\">Privacy Policy\n<\/h1>\t\t\t\t<\/div>\n\t\t\t\t\t<\/div>\n\t\t\t\t<\/div>\n\t\t<div class=\"elementor-element elementor-element-d6f0024 e-flex e-con-boxed e-con e-parent\" data-id=\"d6f0024\" data-element_type=\"container\" data-settings=\"{&quot;background_background&quot;:&quot;classic&quot;}\">\n\t\t\t\t\t<div class=\"e-con-inner\">\n\t\t\t\t<div class=\"elementor-element elementor-element-23a9edf elementor-widget elementor-widget-text-editor\" data-id=\"23a9edf\" data-element_type=\"widget\" data-widget_type=\"text-editor.default\">\n\t\t\t\t\t\t\t\t\t<p style=\"text-align: justify;\">La Pol\u00edtica de privacidad de Estados Unidos explica c\u00f3mo ETaxesPro protege sus datos personales de conformidad con la normativa estadounidense. Nuestra Pol\u00edtica de privacidad de Estados Unidos describe todas las medidas que garantizan la protecci\u00f3n de su informaci\u00f3n mientras utiliza nuestra plataforma.<\/p><h4 style=\"text-align: justify;\"><strong>Informaci\u00f3n recopilada.<\/strong><\/h4><p style=\"text-align: justify;\">Nuestro sitio web puede recopilar informaci\u00f3n personal como nombre, informaci\u00f3n de contacto (como su direcci\u00f3n de correo electr\u00f3nico) y datos demogr\u00e1ficos. Adem\u00e1s, es posible que se requiera informaci\u00f3n espec\u00edfica para procesar un pedido, realizar una entrega o facturar.<\/p><h4 style=\"text-align: justify;\"><strong>Uso de la informaci\u00f3n recopilada.<\/strong><\/h4><p style=\"text-align: justify;\">Nuestro sitio web utiliza esta informaci\u00f3n para brindar el mejor servicio posible, en particular para mantener los registros de usuarios, gestionar los pedidos (si corresponde) y mejorar nuestros productos y servicios. Peri\u00f3dicamente, podemos enviarle correos electr\u00f3nicos a trav\u00e9s de nuestro sitio web con ofertas especiales, nuevos productos u otra informaci\u00f3n que creemos que puede ser de su inter\u00e9s o beneficio. Estos correos electr\u00f3nicos se enviar\u00e1n a la direcci\u00f3n que usted proporcione y puede cancelar la suscripci\u00f3n en cualquier momento.<\/p><p style=\"text-align: justify;\">En Etaxespro nos comprometemos firmemente a proteger su informaci\u00f3n. Utilizamos los sistemas m\u00e1s avanzados y los actualizamos constantemente para garantizar que no haya accesos no autorizados.<\/p><h4 style=\"text-align: justify;\"><strong>Las cookies<\/strong><\/h4><p style=\"text-align: justify;\">son archivos que se env\u00edan a su ordenador para solicitar permiso para almacenarse all\u00ed. Al aceptar, se crea el archivo y la cookie se utiliza para recopilar informaci\u00f3n sobre el tr\u00e1fico web y facilitar futuras visitas al mismo sitio web. Otra funci\u00f3n de las cookies es que permiten a los sitios web reconocerle individualmente para ofrecerle un servicio m\u00e1s personalizado.<\/p><p style=\"text-align: justify;\">Nuestro sitio web utiliza cookies para identificar las p\u00e1ginas visitadas y la frecuencia de las visitas. Esta informaci\u00f3n se utiliza \u00fanicamente para an\u00e1lisis estad\u00edsticos y posteriormente se elimina de forma permanente. Puede eliminar las cookies de su ordenador en cualquier momento. Las cookies ayudan a mejorar los servicios del sitio web y no dan acceso a su ordenador ni a su informaci\u00f3n personal a menos que usted decida proporcionarla. Puede aceptar o rechazar el uso de cookies; sin embargo, la mayor\u00eda de los navegadores las aceptan autom\u00e1ticamente, ya que mejoran la experiencia de navegaci\u00f3n. Tambi\u00e9n puede modificar la configuraci\u00f3n de su navegador para rechazar las cookies, pero si lo hace, es posible que algunos servicios no est\u00e9n disponibles.<\/p><h4 style=\"text-align: justify;\"><strong>Enlaces a terceros.<\/strong><\/h4><p style=\"text-align: justify;\">Este sitio web puede contener enlaces a otros sitios web que podr\u00edan ser de su inter\u00e9s. Una vez que haga clic en estos enlaces y abandone nuestro sitio, no tenemos control sobre el sitio al que se le redirige y, por lo tanto, no somos responsables de los t\u00e9rminos de privacidad ni de la protecci\u00f3n de datos de esos sitios de terceros. Estos sitios est\u00e1n sujetos a sus propias pol\u00edticas de privacidad, por lo que le recomendamos que las consulte para confirmar que est\u00e1 de acuerdo con sus t\u00e9rminos.<\/p><h4 style=\"text-align: justify;\"><strong>Control de la informaci\u00f3n personal.<\/strong><\/h4><p style=\"text-align: justify;\">En cualquier momento, puede restringir la recopilaci\u00f3n o el uso de la informaci\u00f3n personal que proporcione en nuestro sitio web. Cuando se le solicite completar un formulario, como el de registro de usuario, puede marcar o desmarcar la casilla para recibir informaci\u00f3n por correo electr\u00f3nico. Si ha aceptado recibir nuestro bolet\u00edn informativo o publicidad, puede cancelarlo en cualquier momento.<\/p><p style=\"text-align: justify;\">Esta empresa no vender\u00e1, transferir\u00e1 ni distribuir\u00e1 la informaci\u00f3n personal recopilada sin su consentimiento, excepto cuando lo exija un juez mediante una orden judicial.<\/p><p style=\"text-align: justify;\">Etaxespro se reserva el derecho de modificar los t\u00e9rminos de esta Pol\u00edtica de Privacidad en cualquier momento.<\/p>\t\t\t\t\t\t\t\t<\/div>\n\t\t\t\t\t<\/div>\n\t\t\t\t<\/div>\n\t\t\t\t<\/div>","protected":false},"excerpt":{"rendered":"<p>Privacy Policy This Privacy Policy United States explains how ETaxesPro safeguards your personal data in compliance with U.S. regulations. Our Privacy Policy United States outlines all measures to ensure your information is protected while you use our platform. Information collected Our website may collect personal information such as name, contact information (like your email address), [&hellip;]<\/p>","protected":false},"author":1,"featured_media":0,"parent":0,"menu_order":0,"comment_status":"closed","ping_status":"closed","template":"elementor_header_footer","meta":{"_joinchat":[],"footnotes":""},"class_list":["post-944","page","type-page","status-publish","hentry"],"yoast_head":"<!-- This site is optimized with the Yoast SEO plugin v26.4 - https:\/\/yoast.com\/wordpress\/plugins\/seo\/ -->\n<title>Privacy Policy United States | ETaxesPro Trusted Data&quot;<\/title>\n<meta name=\"description\" content=\"Review our Privacy Policy for United States. Learn how ETaxesPro protects your personal data and ensures secure browsing on our website.\" \/>\n<meta name=\"robots\" content=\"index, follow, max-snippet:-1, max-image-preview:large, max-video-preview:-1\" \/>\n<link rel=\"canonical\" href=\"https:\/\/etaxespro.com\/es\/privacy-policy-united-states\/\" \/>\n<meta property=\"og:locale\" content=\"es_ES\" \/>\n<meta property=\"og:type\" content=\"article\" \/>\n<meta property=\"og:title\" content=\"Privacy Policy United States | ETaxesPro Trusted Data&quot;\" \/>\n<meta property=\"og:description\" content=\"Review our Privacy Policy for United States. Learn how ETaxesPro protects your personal data and ensures secure browsing on our website.\" \/>\n<meta property=\"og:url\" content=\"https:\/\/etaxespro.com\/es\/privacy-policy-united-states\/\" \/>\n<meta property=\"og:site_name\" content=\"ETaxesPro\" \/>\n<meta property=\"article:publisher\" content=\"https:\/\/www.facebook.com\/ETaxesPro\/\" \/>\n<meta property=\"article:modified_time\" content=\"2025-11-17T03:40:41+00:00\" \/>\n<meta name=\"twitter:card\" content=\"summary_large_image\" \/>\n<meta name=\"twitter:site\" content=\"@Vtintaya1012\" \/>\n<meta name=\"twitter:label1\" content=\"Tiempo de lectura\" \/>\n\t<meta name=\"twitter:data1\" content=\"3 minutos\" \/>\n<script type=\"application\/ld+json\" class=\"yoast-schema-graph\">{\"@context\":\"https:\/\/schema.org\",\"@graph\":[{\"@type\":\"WebPage\",\"@id\":\"https:\/\/etaxespro.com\/privacy-policy-united-states\/\",\"url\":\"https:\/\/etaxespro.com\/privacy-policy-united-states\/\",\"name\":\"Privacy Policy United States | ETaxesPro Trusted Data\\\"\",\"isPartOf\":{\"@id\":\"https:\/\/etaxespro.com\/#website\"},\"datePublished\":\"2025-10-28T02:00:03+00:00\",\"dateModified\":\"2025-11-17T03:40:41+00:00\",\"description\":\"Review our Privacy Policy for United States. Learn how ETaxesPro protects your personal data and ensures secure browsing on our website.\",\"breadcrumb\":{\"@id\":\"https:\/\/etaxespro.com\/privacy-policy-united-states\/#breadcrumb\"},\"inLanguage\":\"es\",\"potentialAction\":[{\"@type\":\"ReadAction\",\"target\":[\"https:\/\/etaxespro.com\/privacy-policy-united-states\/\"]}]},{\"@type\":\"BreadcrumbList\",\"@id\":\"https:\/\/etaxespro.com\/privacy-policy-united-states\/#breadcrumb\",\"itemListElement\":[{\"@type\":\"ListItem\",\"position\":1,\"name\":\"Inicio\",\"item\":\"https:\/\/etaxespro.com\/\"},{\"@type\":\"ListItem\",\"position\":2,\"name\":\"Privacy Policy\"}]},{\"@type\":\"WebSite\",\"@id\":\"https:\/\/etaxespro.com\/#website\",\"url\":\"https:\/\/etaxespro.com\/\",\"name\":\"ETaxesPro\",\"description\":\"Expertos en impuestos para peque\u00f1as empresas. Soluciones personalizadas, \u00e1giles y confiables para cumplir con todas tus obligaciones fiscales.\",\"publisher\":{\"@id\":\"https:\/\/etaxespro.com\/#organization\"},\"potentialAction\":[{\"@type\":\"SearchAction\",\"target\":{\"@type\":\"EntryPoint\",\"urlTemplate\":\"https:\/\/etaxespro.com\/?s={search_term_string}\"},\"query-input\":{\"@type\":\"PropertyValueSpecification\",\"valueRequired\":true,\"valueName\":\"search_term_string\"}}],\"inLanguage\":\"es\"},{\"@type\":\"Organization\",\"@id\":\"https:\/\/etaxespro.com\/#organization\",\"name\":\"ETaxesPro\",\"url\":\"https:\/\/etaxespro.com\/\",\"logo\":{\"@type\":\"ImageObject\",\"inLanguage\":\"es\",\"@id\":\"https:\/\/etaxespro.com\/#\/schema\/logo\/image\/\",\"url\":\"https:\/\/etaxespro.com\/wp-content\/uploads\/2025\/11\/logo_footer.png\",\"contentUrl\":\"https:\/\/etaxespro.com\/wp-content\/uploads\/2025\/11\/logo_footer.png\",\"width\":352,\"height\":338,\"caption\":\"ETaxesPro\"},\"image\":{\"@id\":\"https:\/\/etaxespro.com\/#\/schema\/logo\/image\/\"},\"sameAs\":[\"https:\/\/www.facebook.com\/ETaxesPro\/\",\"https:\/\/x.com\/Vtintaya1012\",\"https:\/\/www.instagram.com\/etaxespro\/\"]}]}<\/script>\n<!-- \/ Yoast SEO plugin. -->","yoast_head_json":{"title":"Privacy Policy United States | ETaxesPro Trusted Data\"","description":"Review our Privacy Policy for United States. Learn how ETaxesPro protects your personal data and ensures secure browsing on our website.","robots":{"index":"index","follow":"follow","max-snippet":"max-snippet:-1","max-image-preview":"max-image-preview:large","max-video-preview":"max-video-preview:-1"},"canonical":"https:\/\/etaxespro.com\/es\/privacy-policy-united-states\/","og_locale":"es_ES","og_type":"article","og_title":"Privacy Policy United States | ETaxesPro Trusted Data\"","og_description":"Review our Privacy Policy for United States. Learn how ETaxesPro protects your personal data and ensures secure browsing on our website.","og_url":"https:\/\/etaxespro.com\/es\/privacy-policy-united-states\/","og_site_name":"ETaxesPro","article_publisher":"https:\/\/www.facebook.com\/ETaxesPro\/","article_modified_time":"2025-11-17T03:40:41+00:00","twitter_card":"summary_large_image","twitter_site":"@Vtintaya1012","twitter_misc":{"Tiempo de lectura":"3 minutos"},"schema":{"@context":"https:\/\/schema.org","@graph":[{"@type":"WebPage","@id":"https:\/\/etaxespro.com\/privacy-policy-united-states\/","url":"https:\/\/etaxespro.com\/privacy-policy-united-states\/","name":"Privacy Policy United States | ETaxesPro Trusted Data\"","isPartOf":{"@id":"https:\/\/etaxespro.com\/#website"},"datePublished":"2025-10-28T02:00:03+00:00","dateModified":"2025-11-17T03:40:41+00:00","description":"Review our Privacy Policy for United States. Learn how ETaxesPro protects your personal data and ensures secure browsing on our website.","breadcrumb":{"@id":"https:\/\/etaxespro.com\/privacy-policy-united-states\/#breadcrumb"},"inLanguage":"es","potentialAction":[{"@type":"ReadAction","target":["https:\/\/etaxespro.com\/privacy-policy-united-states\/"]}]},{"@type":"BreadcrumbList","@id":"https:\/\/etaxespro.com\/privacy-policy-united-states\/#breadcrumb","itemListElement":[{"@type":"ListItem","position":1,"name":"Inicio","item":"https:\/\/etaxespro.com\/"},{"@type":"ListItem","position":2,"name":"Privacy Policy"}]},{"@type":"WebSite","@id":"https:\/\/etaxespro.com\/#website","url":"https:\/\/etaxespro.com\/","name":"ETaxesPro","description":"Expertos en impuestos para peque\u00f1as empresas. Soluciones personalizadas, \u00e1giles y confiables para cumplir con todas tus obligaciones fiscales.","publisher":{"@id":"https:\/\/etaxespro.com\/#organization"},"potentialAction":[{"@type":"SearchAction","target":{"@type":"EntryPoint","urlTemplate":"https:\/\/etaxespro.com\/?s={search_term_string}"},"query-input":{"@type":"PropertyValueSpecification","valueRequired":true,"valueName":"search_term_string"}}],"inLanguage":"es"},{"@type":"Organization","@id":"https:\/\/etaxespro.com\/#organization","name":"ETaxesPro","url":"https:\/\/etaxespro.com\/","logo":{"@type":"ImageObject","inLanguage":"es","@id":"https:\/\/etaxespro.com\/#\/schema\/logo\/image\/","url":"https:\/\/etaxespro.com\/wp-content\/uploads\/2025\/11\/logo_footer.png","contentUrl":"https:\/\/etaxespro.com\/wp-content\/uploads\/2025\/11\/logo_footer.png","width":352,"height":338,"caption":"ETaxesPro"},"image":{"@id":"https:\/\/etaxespro.com\/#\/schema\/logo\/image\/"},"sameAs":["https:\/\/www.facebook.com\/ETaxesPro\/","https:\/\/x.com\/Vtintaya1012","https:\/\/www.instagram.com\/etaxespro\/"]}]}},"_links":{"self":[{"href":"https:\/\/etaxespro.com\/es\/wp-json\/wp\/v2\/pages\/944","targetHints":{"allow":["GET"]}}],"collection":[{"href":"https:\/\/etaxespro.com\/es\/wp-json\/wp\/v2\/pages"}],"about":[{"href":"https:\/\/etaxespro.com\/es\/wp-json\/wp\/v2\/types\/page"}],"author":[{"embeddable":true,"href":"https:\/\/etaxespro.com\/es\/wp-json\/wp\/v2\/users\/1"}],"replies":[{"embeddable":true,"href":"https:\/\/etaxespro.com\/es\/wp-json\/wp\/v2\/comments?post=944"}],"version-history":[{"count":19,"href":"https:\/\/etaxespro.com\/es\/wp-json\/wp\/v2\/pages\/944\/revisions"}],"predecessor-version":[{"id":1929,"href":"https:\/\/etaxespro.com\/es\/wp-json\/wp\/v2\/pages\/944\/revisions\/1929"}],"wp:attachment":[{"href":"https:\/\/etaxespro.com\/es\/wp-json\/wp\/v2\/media?parent=944"}],"curies":[{"name":"wp","href":"https:\/\/api.w.org\/{rel}","templated":true}]}}