{"id":116,"date":"2025-10-25T03:07:59","date_gmt":"2025-10-25T03:07:59","guid":{"rendered":"https:\/\/etaxespro.com\/?page_id=116"},"modified":"2025-11-18T02:28:51","modified_gmt":"2025-11-18T02:28:51","slug":"tax-support-usa","status":"publish","type":"page","link":"https:\/\/etaxespro.com\/es\/tax-support-usa\/","title":{"rendered":"Contacts"},"content":{"rendered":"<div data-elementor-type=\"wp-page\" data-elementor-id=\"116\" class=\"elementor elementor-116\">\n\t\t\t\t<div class=\"elementor-element elementor-element-8a969f1 e-flex e-con-boxed e-con e-parent\" data-id=\"8a969f1\" data-element_type=\"container\" data-settings=\"{&quot;background_background&quot;:&quot;classic&quot;}\">\n\t\t\t\t\t<div class=\"e-con-inner\">\n\t\t\t\t<div class=\"elementor-element elementor-element-e971546 elementor-widget elementor-widget-heading\" data-id=\"e971546\" data-element_type=\"widget\" data-widget_type=\"heading.default\">\n\t\t\t\t\t<h1 class=\"elementor-heading-title elementor-size-default\">CONTACTO<\/h1>\t\t\t\t<\/div>\n\t\t\t\t\t<\/div>\n\t\t\t\t<\/div>\n\t\t<div class=\"elementor-element elementor-element-380e0682 e-flex e-con-boxed e-con e-parent\" data-id=\"380e0682\" data-element_type=\"container\" data-settings=\"{&quot;background_background&quot;:&quot;classic&quot;}\">\n\t\t\t\t\t<div class=\"e-con-inner\">\n\t\t<div class=\"elementor-element elementor-element-5b5b9df7 e-con-full e-flex e-con e-child\" data-id=\"5b5b9df7\" data-element_type=\"container\">\n\t\t<div class=\"elementor-element elementor-element-50e4c0e8 e-con-full e-flex e-con e-child\" data-id=\"50e4c0e8\" data-element_type=\"container\">\n\t\t\t\t<div class=\"elementor-element elementor-element-637d74a5 elementor-widget__width-initial elementor-widget elementor-widget-elementskit-heading\" data-id=\"637d74a5\" data-element_type=\"widget\" data-widget_type=\"elementskit-heading.default\">\n\t\t\t\t\t<div class=\"ekit-wid-con\" ><div class=\"ekit-heading elementskit-section-title-wraper text_left   ekit_heading_tablet-text_center   ekit_heading_mobile-\"><h1 class=\"ekit-heading--title elementskit-section-title\">Ponte en contacto y  <span><span>hablemos<\/span><\/span> <\/h1><\/div><\/div>\t\t\t\t<\/div>\n\t\t\t\t<div class=\"elementor-element elementor-element-4846e973 elementor-widget__width-initial elementor-widget elementor-widget-text-editor\" data-id=\"4846e973\" data-element_type=\"widget\" data-widget_type=\"text-editor.default\">\n\t\t\t\t\t\t\t\t\t<p data-start=\"407\" data-end=\"669\">Si necesitas <strong data-start=\"429\" data-end=\"455\">soporte experto de impuestos en USA<\/strong>nuestro equipo en eTaxesPro est\u00e1 listo para ayudarte. Ya sea que requieras asistencia con contabilidad, preparaci\u00f3n de impuestos, n\u00f3mina o reportes financieros, ofrecemos orientaci\u00f3n confiable y personalizada para individuos y negocios.<\/p><p data-start=\"671\" data-end=\"831\">Adaptamos nuestros servicios a tus necesidades espec\u00edficas, ayud\u00e1ndote a mantenerte en cumplimiento, evitar errores costosos y tomar decisiones financieras con confianza.<\/p><p data-start=\"833\" data-end=\"901\">Cont\u00e1ctenos hoy mismo: la claridad y la tranquilidad est\u00e1n a solo un mensaje de distancia.<\/p><p data-start=\"903\" data-end=\"998\">M\u00e1s informaci\u00f3n sobre impuestos en EE.UU. en el sitio oficial del IRS:<br data-start=\"972\" data-end=\"975\" \/><strong data-start=\"975\" data-end=\"998\"><a class=\"decorated-link\" href=\"https:\/\/www.irs.gov\" target=\"_new\" rel=\"noopener\" data-start=\"977\" data-end=\"996\">https:\/\/www.irs.gov<\/a><\/strong><\/p>\t\t\t\t\t\t\t\t<\/div>\n\t\t\t\t<\/div>\n\t\t\t\t<\/div>\n\t\t<div class=\"elementor-element elementor-element-6dc70db4 e-con-full e-flex e-con e-child\" data-id=\"6dc70db4\" data-element_type=\"container\">\n\t\t<div class=\"elementor-element elementor-element-1c9214b3 e-con-full e-flex e-con e-child\" data-id=\"1c9214b3\" data-element_type=\"container\">\n\t\t\t\t<div class=\"elementor-element elementor-element-6d8eddfa elementor-widget elementor-widget-metform\" data-id=\"6d8eddfa\" data-element_type=\"widget\" data-widget_type=\"metform.default\">\n\t\t\t\t\t<div id=\"mf-response-props-id-546\" data-previous-steps-style=\"\" data-editswitchopen=\"\" data-response_type=\"alert\" data-erroricon=\"fas fa-exclamation-triangle\" data-successicon=\"fas fa-check\" data-messageposition=\"top\" class=\"mf-scroll-top-no\">\n\t\t<div class=\"formpicker_warper formpicker_warper_editable\" data-metform-formpicker-key=\"546\" >\n\t\t\t\t\n\t\t\t<div class=\"mf-widget-container\">\n\t\t\t\t\r\n\t\t<div\r\n\t\t\tid=\"metform-wrap-6d8eddfa-546\"\r\n\t\t\tclass=\"mf-form-wrapper\"\r\n\t\t\tdata-form-id=\"546\"\r\n\t\t\tdata-action=\"https:\/\/etaxespro.com\/es\/wp-json\/metform\/v1\/entries\/insert\/546\"\r\n\t\t\tdata-wp-nonce=\"da9735008f\"\r\n\t\t\tdata-form-nonce=\"f67c5d4204\"\r\n\t\t\tdata-quiz-summery = \"false\"\r\n\t\t\tdata-save-progress = \"false\"\r\n\t\t\tdata-form-type=\"general-form\"\r\n\t\t\tdata-stop-vertical-effect=\"\"\r\n\t\t\t><\/div>\r\n\r\n\r\n\t\t<!----------------------------- \r\n\t\t\t* controls_data : find the the props passed indie of data attribute\r\n\t\t\t* props.SubmitResponseMarkup : contains the markup of error or success message\r\n\t\t\t* https:\/\/developer.mozilla.org\/en-US\/docs\/Web\/JavaScript\/Reference\/Template_literals\r\n\t\t--------------------------- -->\r\n\r\n\t\t\t\t<script type=\"text\/mf\" class=\"mf-template\">\r\n\t\t\tfunction controls_data (value){\r\n\t\t\t\tlet currentWrapper = \"mf-response-props-id-546\";\r\n\t\t\t\tlet currentEl = document.getElementById(currentWrapper);\r\n\t\t\t\t\r\n\t\t\t\treturn currentEl ? currentEl.dataset[value] : false\r\n\t\t\t}\r\n\r\n\r\n\t\t\tlet is_edit_mode = '' ? true : false;\r\n\t\t\tlet message_position = controls_data('messageposition') || 'top';\r\n\r\n\t\t\t\r\n\t\t\tlet message_successIcon = controls_data('successicon') || '';\r\n\t\t\tlet message_errorIcon = controls_data('erroricon') || '';\r\n\t\t\tlet message_editSwitch = controls_data('editswitchopen') === 'yes' ? true : false;\r\n\t\t\tlet message_proClass = controls_data('editswitchopen') === 'yes' ? 'mf_pro_activated' : '';\r\n\t\t\t\r\n\t\t\tlet is_dummy_markup = is_edit_mode && message_editSwitch ? true : false;\r\n\r\n\t\t\t\r\n\t\t\treturn html`\r\n\t\t\t\t<form\r\n\t\t\t\t\tclassName=\"metform-form-content\"\r\n\t\t\t\t\tref=${parent.formContainerRef}\r\n\t\t\t\t\tonSubmit=${ validation.handleSubmit( parent.handleFormSubmit ) }\r\n\t\t\t\t\r\n\t\t\t\t\t>\r\n\t\t\t\r\n\t\t\t\r\n\t\t\t\t\t${is_dummy_markup ? message_position === 'top' ?  props.ResponseDummyMarkup(message_successIcon, message_proClass) : '' : ''}\r\n\t\t\t\t\t${is_dummy_markup ? ' ' :  message_position === 'top' ? props.SubmitResponseMarkup`${parent}${state}${message_successIcon}${message_errorIcon}${message_proClass}` : ''}\r\n\r\n\t\t\t\t\t<!--------------------------------------------------------\r\n\t\t\t\t\t*** IMPORTANT \/ DANGEROUS ***\r\n\t\t\t\t\t${html``} must be used as in immediate child of \"metform-form-main-wrapper\"\r\n\t\t\t\t\tclass otherwise multistep form will not run at all\r\n\t\t\t\t\t---------------------------------------------------------->\r\n\r\n\t\t\t\t\t<div className=\"metform-form-main-wrapper\" key=${'hide-form-after-submit'} ref=${parent.formRef}>\r\n\t\t\t\t\t${html`\r\n\t\t\t\t\t\t\t\t<div data-elementor-type=\"wp-post\" key=\"2\" data-elementor-id=\"546\" className=\"elementor elementor-546\">\n\t\t\t\t<div className=\"elementor-element elementor-element-7cc4a37c e-con-full e-flex e-con e-parent\" data-id=\"7cc4a37c\" data-element_type=\"container\">\n\t\t\t\t<div className=\"elementor-element elementor-element-60617088 elementor-widget elementor-widget-mf-text\" data-id=\"60617088\" data-element_type=\"widget\" data-settings=\"{&quot;mf_input_name&quot;:&quot;mf-text&quot;}\" data-widget_type=\"mf-text.default\">\n\t\t\t\t\t\r\n\t\t<div className=\"mf-input-wrapper\">\r\n\t\t\t\t\t\t\t<label className=\"mf-input-label\" htmlFor=\"mf-input-text-60617088\">\r\n\t\t\t\t\t${ parent.decodeEntities(`Full Name`) } \t\t\t\t\t<span className=\"mf-input-required-indicator\"><\/span>\r\n\t\t\t\t<\/label>\r\n\t\t\t\r\n\t\t\t<input\r\n\t\t\t\ttype=\"text\"\r\n\t\t\t\tclassName=\"mf-input \"\r\n\t\t\t\tid=\"mf-input-text-60617088\"\r\n\t\t\t\tname=\"mf-text\"\r\n\t\t\t\tplaceholder=\"${ parent.decodeEntities(``) } \"\r\n\t\t\t\t\t\t\t\t\tonInput=${parent.handleChange}\r\n\t\t\t\t\tonBlur=${parent.handleChange}\r\n\t\t\t\t\taria-invalid=${validation.errors['mf-text'] ? 'true' : 'false'}\r\n\t\t\t\t\tref=${el =>{\r\n\t\t\t\t\t\t\t\t\t\t\t\tparent.activateValidation({\"message\":\"This field is required.\",\"minLength\":1,\"maxLength\":\"\",\"type\":\"none\",\"required\":false,\"expression\":\"null\"}, el)\r\n\t\t\t\t\t}}\r\n\t\t\t\t\t\t\t\t\/>\r\n\r\n\t\t\t\t\t\t\t<${validation.ErrorMessage}\r\n\t\t\t\t\terrors=${validation.errors}\r\n\t\t\t\t\tname=\"mf-text\"\r\n\t\t\t\t\tas=${html`<span className=\"mf-error-message\"><\/span>`}\r\n\t\t\t\t\t\/>\r\n\t\t\t\r\n\t\t\t\t\t<\/div>\r\n\r\n\t\t\t\t\t\t<\/div>\n\t\t\t\t<div className=\"elementor-element elementor-element-8e61be3 elementor-widget elementor-widget-mf-text\" data-id=\"8e61be3\" data-element_type=\"widget\" data-settings=\"{&quot;mf_input_name&quot;:&quot;mf-number&quot;}\" data-widget_type=\"mf-text.default\">\n\t\t\t\t\t\r\n\t\t<div className=\"mf-input-wrapper\">\r\n\t\t\t\t\t\t\t<label className=\"mf-input-label\" htmlFor=\"mf-input-text-8e61be3\">\r\n\t\t\t\t\t${ parent.decodeEntities(`Phone Number`) } \t\t\t\t\t<span className=\"mf-input-required-indicator\"><\/span>\r\n\t\t\t\t<\/label>\r\n\t\t\t\r\n\t\t\t<input\r\n\t\t\t\ttype=\"text\"\r\n\t\t\t\tclassName=\"mf-input \"\r\n\t\t\t\tid=\"mf-input-text-8e61be3\"\r\n\t\t\t\tname=\"mf-number\"\r\n\t\t\t\tplaceholder=\"${ parent.decodeEntities(``) } \"\r\n\t\t\t\t\t\t\t\t\tonInput=${parent.handleChange}\r\n\t\t\t\t\tonBlur=${parent.handleChange}\r\n\t\t\t\t\taria-invalid=${validation.errors['mf-number'] ? 'true' : 'false'}\r\n\t\t\t\t\tref=${el =>{\r\n\t\t\t\t\t\t\t\t\t\t\t\tparent.activateValidation({\"message\":\"This field is required.\",\"minLength\":1,\"maxLength\":\"\",\"type\":\"none\",\"required\":false,\"expression\":\"null\"}, el)\r\n\t\t\t\t\t}}\r\n\t\t\t\t\t\t\t\t\/>\r\n\r\n\t\t\t\t\t\t\t<${validation.ErrorMessage}\r\n\t\t\t\t\terrors=${validation.errors}\r\n\t\t\t\t\tname=\"mf-number\"\r\n\t\t\t\t\tas=${html`<span className=\"mf-error-message\"><\/span>`}\r\n\t\t\t\t\t\/>\r\n\t\t\t\r\n\t\t\t\t\t<\/div>\r\n\r\n\t\t\t\t\t\t<\/div>\n\t\t\t\t<div className=\"elementor-element elementor-element-3a1aec27 elementor-widget elementor-widget-mf-email\" data-id=\"3a1aec27\" data-element_type=\"widget\" data-settings=\"{&quot;mf_input_name&quot;:&quot;mf-email&quot;}\" data-widget_type=\"mf-email.default\">\n\t\t\t\t\t\r\n\t\t<div className=\"mf-input-wrapper\">\r\n\t\t\t\t\t\t\t<label className=\"mf-input-label\" htmlFor=\"mf-input-email-3a1aec27\">\r\n\t\t\t\t\t${ parent.decodeEntities(`E-mail Address`) } \t\t\t\t\t<span className=\"mf-input-required-indicator\"><\/span>\r\n\t\t\t\t<\/label>\r\n\t\t\t\r\n\t\t\t<input \r\n\t\t\t\ttype=\"email\" \r\n\t\t\t\t \r\n\t\t\t\tdefaultValue=\"\" \r\n\t\t\t\tclassName=\"mf-input \" \r\n\t\t\t\tid=\"mf-input-email-3a1aec27\" \r\n\t\t\t\tname=\"mf-email\" \r\n\t\t\t\tplaceholder=\"${ parent.decodeEntities(``) } \" \r\n\t\t\t\t \r\n\t\t\t\tonBlur=${parent.handleChange} onFocus=${parent.handleChange} aria-invalid=${validation.errors['mf-email'] ? 'true' : 'false' } \r\n\t\t\t\tref=${el=> parent.activateValidation({\"message\":\"This field is required.\",\"emailMessage\":\"Please enter a valid Email address\",\"minLength\":1,\"maxLength\":\"\",\"type\":\"none\",\"required\":false,\"expression\":\"null\"}, el)}\r\n\t\t\t\t\t\t\t\/>\r\n\r\n\t\t\t\t\t\t<${validation.ErrorMessage} \r\n\t\t\t\terrors=${validation.errors} \r\n\t\t\t\tname=\"mf-email\" \r\n\t\t\t\tas=${html`<span className=\"mf-error-message\"><\/span>`}\r\n\t\t\t\/>\r\n\t\t\t\r\n\t\t\t\t\t<\/div>\r\n\r\n\t\t\t\t<\/div>\n\t\t\t\t<div className=\"elementor-element elementor-element-424c2d67 elementor-widget elementor-widget-mf-textarea\" data-id=\"424c2d67\" data-element_type=\"widget\" data-settings=\"{&quot;mf_input_name&quot;:&quot;mf-textarea&quot;}\" data-widget_type=\"mf-textarea.default\">\n\t\t\t\t\t\r\n\t\t<div className=\"mf-input-wrapper\">\r\n\t\t\t\t\t\t\t<label className=\"mf-input-label\" htmlFor=\"mf-input-text-area-424c2d67\">\r\n\t\t\t\t\t${ parent.decodeEntities(`Message`) } \t\t\t\t\t<span className=\"mf-input-required-indicator\"><\/span>\r\n\t\t\t\t<\/label>\r\n\t\t\t\r\n\t\t\t<textarea className=\"mf-input mf-textarea \" id=\"mf-input-text-area-424c2d67\"\r\n\t\t\t\tname=\"mf-textarea\" \r\n\t\t\t\tplaceholder=\"${ parent.decodeEntities(` `) } \"\r\n\t\t\t\tcols=\"30\" rows=\"10\"\r\n\t\t\t\t\t\t\t\t\tonInput=${ parent.handleChange }\r\n\t\t\t\t\taria-invalid=${validation.errors['mf-textarea'] ? 'true' : 'false'}\r\n\t\t\t\t\tref=${ el => parent.activateValidation({\"message\":\"This field is required.\",\"minLength\":1,\"maxLength\":\"\",\"type\":\"none\",\"required\":false,\"expression\":\"null\"}, el)}\r\n\t\t\t\t\t\t\t\t><\/textarea>\r\n\r\n\t\t\t\t\t\t\t<${validation.ErrorMessage}\r\n\t\t\t\t\terrors=${validation.errors}\r\n\t\t\t\t\tname=\"mf-textarea\"\r\n\t\t\t\t\tas=${html`<span className=\"mf-error-message\"><\/span>`}\r\n\t\t\t\t\t\/>\r\n\t\t\t\t\t\t\t\t<\/div>\r\n\r\n\t\t\t\t\t\t<\/div>\n\t\t\t\t<div className=\"elementor-element elementor-element-016d858 elementor-widget elementor-widget-mf-file-upload\" data-id=\"016d858\" data-element_type=\"widget\" data-settings=\"{&quot;mf_input_name&quot;:&quot;mf-file-upload&quot;}\" data-widget_type=\"mf-file-upload.default\">\n\t\t\t\t\t\t\t\r\n\t\t\r\n\t\t<div className=\"mf-input-wrapper\">\r\n\t\t\t\t\t\t\t<label className=\"mf-input-label\" htmlFor=\"mf-input-file-upload-016d858\">\r\n\t\t\t\t\t${ parent.decodeEntities(`Documents`) } \t\t\t\t\t<span className=\"mf-input-required-indicator\"><\/span>\r\n\t\t\t\t<\/label>\r\n\t\t\t\r\n\t\t\t<div className=\"mf-file-upload-container multi-option-input-type\">\r\n\t\t\t\t<input\r\n\t\t\t\t\ttype=\"file\"\r\n\t\t\t\t\tclassName=\"mf-input mf-input-file-upload \"\r\n\t\t\t\t\tid=\"mf-input-file-upload-016d858\" \r\n\t\t\t\t\tname=\"mf-file-upload\" \r\n\t\t\t\t\t\t\t\t\t\taccept=\".jpg, .jpeg, .png\"\r\n\t\t\t\t\tonInput=${ parent.handleFileUpload }\r\n\t\t\t\t\taria-invalid=${validation.errors['mf-file-upload'] ? 'true' : 'false'}\r\n\t\t\t\t\tref=${ el => parent.activateValidation({\"message\":\"This field is required.\",\"required\":false,\"file_types\":[\".jpg\",\".jpeg\",\".png\"],\"type_message\":\"Invalid file extension\",\"size_limit\":2000,\"limit_message\":\"File size cannot exceed 2000 kb\"}, el) }\r\n\t\t\t\t\t\/>\r\n\t\t\t\t<label htmlFor=\"mf-input-file-upload-016d858\" className=\"mf-input-file-upload-label metform-btn\">\r\n\t\t\t\t\t<span>${ parent.decodeEntities(`Choose a file`) } <\/span><i aria-hidden=\"true\" className=\"icon icon-cloud-upload\"><\/i>\t\t\t\t<\/label>\r\n\t\t\t\t<div className=\"mf-file-name\">\r\n\t\t\t\t\t${\r\n\t\t\t\t\t\t(parent.state.formData['mf-file-upload'] || []).length > 0\r\n\t\t\t\t\t\t? parent.state.formData['mf-file-upload'].map((file, idx) => html`\r\n\t\t\t\t\t\t\t<span className=\"mf-file-name-item\" key=${idx}>\r\n\t\t\t\t\t\t\t\t<span>${file.name}<\/span>\r\n\t\t\t\t\t\t\t\t<span \r\n\t\t\t\t\t\t\t\t\tclassName=\"mf-file-remove\" \r\n\t\t\t\t\t\t\t\t\tonClick=${() => parent.removeUploadedFile('mf-file-upload', idx)}\r\n\t\t\t\t\t\t\t\t\ttitle=\"Remove\"\r\n\t\t\t\t\t\t\t\t>\u00d7<\/span>\r\n\t\t\t\t\t\t\t<\/span>\r\n\t\t\t\t\t\t`)\r\n\t\t\t\t\t\t: html`<span>${parent.getFileLabel('mf-file-upload', 'Max file size (Mb): 2  - Max number of files: 1')}<\/span>`\r\n\t\t\t\t\t}\r\n\t\t\t\t<\/div>\r\n\t\t\t\t\r\n\t\t\t<\/div>\r\n\r\n\t\t\t\t\t\t\t<${validation.ErrorMessage}\r\n\t\t\t\t\terrors=${validation.errors}\r\n\t\t\t\t\tname=\"mf-file-upload\"\r\n\t\t\t\t\tas=${html`<span className=\"mf-error-message\"><\/span>`}\r\n\t\t\t\t\t\/>\r\n\t\t\t\r\n\t\t\t\t\t<\/div>\r\n\r\n\t\t\r\n\t\t\t\t\t\t<\/div>\n\t\t\t\t<div className=\"elementor-element elementor-element-5c619ac8 mf-btn--left mf-btn--tablet-justify mf-btn--mobile-justify elementor-widget__width-initial elementor-widget elementor-widget-mf-button\" data-id=\"5c619ac8\" data-element_type=\"widget\" data-widget_type=\"mf-button.default\">\n\t\t\t\t\t\t\t<div className=\"mf-btn-wraper \" data-mf-form-conditional-logic-requirement=\"\">\r\n\t\t\t\t\t\t\t<button type=\"submit\" className=\"metform-btn metform-submit-btn \" id=\"\">\r\n\t\t\t\t\t<i aria-hidden=\"true\" className=\"icon icon-telegram\"><\/i>\t\t\t\t\t<span>${ parent.decodeEntities(`Start Now`) } <\/span>\r\n\t\t\t\t<\/button>\r\n\t\t\t        <\/div>\r\n        \t\t\t\t<\/div>\n\t\t\t\t<div className=\"elementor-element elementor-element-5fa9c3e elementor-widget elementor-widget-mf-recaptcha\" data-id=\"5fa9c3e\" data-element_type=\"widget\" data-widget_type=\"mf-recaptcha.default\">\n\t\t\t\t\t\t\t<div className=\"mf-input-wrapper\">\n\t\t\t\t\t\t\t\t\n\t\t\t\t\t<div id=\"recaptcha_site_key_v3\" data-sitekey=\"6Leg4v4rAAAAAOIYOwAKKnZrGlMm3n0_hWE-YY9B\"  className=\"recaptcha_site_key_v3 \">\n\t\t\t\t\t\t<input type=\"hidden\" className=\"g-recaptcha-response-v3\" name=\"g-recaptcha-response-v3\" \/>\n\t\t\t\t\t<\/div>\n\t\t\t\t\t\n\t\t\t\t\t\t\t<\/div>\n\n\t\t\t\t\t\t<\/div>\n\t\t\t\t<\/div>\n\t\t\t\t<\/div>\n\t\t\t\t\t\t\t`}\r\n\t\t\t\t\t<\/div>\r\n\r\n\t\t\t\t\t${is_dummy_markup ? message_position === 'bottom' ? props.ResponseDummyMarkup(message_successIcon, message_proClass) : '' : ''}\r\n\t\t\t\t\t${is_dummy_markup ? ' ' : message_position === 'bottom' ? props.SubmitResponseMarkup`${parent}${state}${message_successIcon}${message_errorIcon}${message_proClass}` : ''}\r\n\t\t\t\t\r\n\t\t\t\t<\/form>\r\n\t\t\t`\r\n\t\t<\/script>\r\n\r\n\t\t\t\t\t<\/div>\n\t\t<\/div>\n\t\t<\/div>\t\t\t\t<\/div>\n\t\t\t\t<\/div>\n\t\t\t\t<\/div>\n\t\t\t\t\t<\/div>\n\t\t\t\t<\/div>\n\t\t\t\t<\/div>","protected":false},"excerpt":{"rendered":"<p>CONTACT Get in touch, let&#8217;s talk If you\u2019re looking for expert tax support USA, our team at eTaxesPro is here to help. Whether you need assistance with bookkeeping, tax preparation, payroll, or financial reporting, we provide reliable and personalized guidance for individuals and businesses. We tailor our services to your unique financial situation, helping you [&hellip;]<\/p>","protected":false},"author":1,"featured_media":0,"parent":0,"menu_order":0,"comment_status":"closed","ping_status":"closed","template":"elementor_header_footer","meta":{"_joinchat":[],"footnotes":""},"class_list":["post-116","page","type-page","status-publish","hentry"],"yoast_head":"<!-- This site is optimized with the Yoast SEO plugin v26.4 - https:\/\/yoast.com\/wordpress\/plugins\/seo\/ -->\n<title>Expert Tax Support USA | Contact eTaxesPro Today<\/title>\n<meta name=\"description\" content=\"Get expert tax support USA with eTaxesPro. Professional help with tax preparation, bookkeeping, and financial reporting. Contact us today.\" \/>\n<meta name=\"robots\" content=\"index, follow, max-snippet:-1, max-image-preview:large, max-video-preview:-1\" \/>\n<link rel=\"canonical\" href=\"https:\/\/etaxespro.com\/es\/tax-support-usa\/\" \/>\n<meta property=\"og:locale\" content=\"es_ES\" \/>\n<meta property=\"og:type\" content=\"article\" \/>\n<meta property=\"og:title\" content=\"Expert Tax Support USA | Contact eTaxesPro Today\" \/>\n<meta property=\"og:description\" content=\"Get expert tax support USA with eTaxesPro. Professional help with tax preparation, bookkeeping, and financial reporting. Contact us today.\" \/>\n<meta property=\"og:url\" content=\"https:\/\/etaxespro.com\/es\/tax-support-usa\/\" \/>\n<meta property=\"og:site_name\" content=\"ETaxesPro\" \/>\n<meta property=\"article:publisher\" content=\"https:\/\/www.facebook.com\/ETaxesPro\/\" \/>\n<meta property=\"article:modified_time\" content=\"2025-11-18T02:28:51+00:00\" \/>\n<meta name=\"twitter:card\" content=\"summary_large_image\" \/>\n<meta name=\"twitter:site\" content=\"@Vtintaya1012\" \/>\n<meta name=\"twitter:label1\" content=\"Tiempo de lectura\" \/>\n\t<meta name=\"twitter:data1\" content=\"1 minuto\" \/>\n<script type=\"application\/ld+json\" class=\"yoast-schema-graph\">{\"@context\":\"https:\/\/schema.org\",\"@graph\":[{\"@type\":\"WebPage\",\"@id\":\"https:\/\/etaxespro.com\/tax-support-usa\/\",\"url\":\"https:\/\/etaxespro.com\/tax-support-usa\/\",\"name\":\"Expert Tax Support USA | Contact eTaxesPro Today\",\"isPartOf\":{\"@id\":\"https:\/\/etaxespro.com\/#website\"},\"datePublished\":\"2025-10-25T03:07:59+00:00\",\"dateModified\":\"2025-11-18T02:28:51+00:00\",\"description\":\"Get expert tax support USA with eTaxesPro. Professional help with tax preparation, bookkeeping, and financial reporting. Contact us today.\",\"breadcrumb\":{\"@id\":\"https:\/\/etaxespro.com\/tax-support-usa\/#breadcrumb\"},\"inLanguage\":\"es\",\"potentialAction\":[{\"@type\":\"ReadAction\",\"target\":[\"https:\/\/etaxespro.com\/tax-support-usa\/\"]}]},{\"@type\":\"BreadcrumbList\",\"@id\":\"https:\/\/etaxespro.com\/tax-support-usa\/#breadcrumb\",\"itemListElement\":[{\"@type\":\"ListItem\",\"position\":1,\"name\":\"Inicio\",\"item\":\"https:\/\/etaxespro.com\/\"},{\"@type\":\"ListItem\",\"position\":2,\"name\":\"Contacts\"}]},{\"@type\":\"WebSite\",\"@id\":\"https:\/\/etaxespro.com\/#website\",\"url\":\"https:\/\/etaxespro.com\/\",\"name\":\"ETaxesPro\",\"description\":\"Expertos en impuestos para peque\u00f1as empresas. Soluciones personalizadas, \u00e1giles y confiables para cumplir con todas tus obligaciones fiscales.\",\"publisher\":{\"@id\":\"https:\/\/etaxespro.com\/#organization\"},\"potentialAction\":[{\"@type\":\"SearchAction\",\"target\":{\"@type\":\"EntryPoint\",\"urlTemplate\":\"https:\/\/etaxespro.com\/?s={search_term_string}\"},\"query-input\":{\"@type\":\"PropertyValueSpecification\",\"valueRequired\":true,\"valueName\":\"search_term_string\"}}],\"inLanguage\":\"es\"},{\"@type\":\"Organization\",\"@id\":\"https:\/\/etaxespro.com\/#organization\",\"name\":\"ETaxesPro\",\"url\":\"https:\/\/etaxespro.com\/\",\"logo\":{\"@type\":\"ImageObject\",\"inLanguage\":\"es\",\"@id\":\"https:\/\/etaxespro.com\/#\/schema\/logo\/image\/\",\"url\":\"https:\/\/etaxespro.com\/wp-content\/uploads\/2025\/11\/logo_footer.png\",\"contentUrl\":\"https:\/\/etaxespro.com\/wp-content\/uploads\/2025\/11\/logo_footer.png\",\"width\":352,\"height\":338,\"caption\":\"ETaxesPro\"},\"image\":{\"@id\":\"https:\/\/etaxespro.com\/#\/schema\/logo\/image\/\"},\"sameAs\":[\"https:\/\/www.facebook.com\/ETaxesPro\/\",\"https:\/\/x.com\/Vtintaya1012\",\"https:\/\/www.instagram.com\/etaxespro\/\"]}]}<\/script>\n<!-- \/ Yoast SEO plugin. -->","yoast_head_json":{"title":"Expert Tax Support USA | Contact eTaxesPro Today","description":"Get expert tax support USA with eTaxesPro. Professional help with tax preparation, bookkeeping, and financial reporting. Contact us today.","robots":{"index":"index","follow":"follow","max-snippet":"max-snippet:-1","max-image-preview":"max-image-preview:large","max-video-preview":"max-video-preview:-1"},"canonical":"https:\/\/etaxespro.com\/es\/tax-support-usa\/","og_locale":"es_ES","og_type":"article","og_title":"Expert Tax Support USA | Contact eTaxesPro Today","og_description":"Get expert tax support USA with eTaxesPro. Professional help with tax preparation, bookkeeping, and financial reporting. Contact us today.","og_url":"https:\/\/etaxespro.com\/es\/tax-support-usa\/","og_site_name":"ETaxesPro","article_publisher":"https:\/\/www.facebook.com\/ETaxesPro\/","article_modified_time":"2025-11-18T02:28:51+00:00","twitter_card":"summary_large_image","twitter_site":"@Vtintaya1012","twitter_misc":{"Tiempo de lectura":"1 minuto"},"schema":{"@context":"https:\/\/schema.org","@graph":[{"@type":"WebPage","@id":"https:\/\/etaxespro.com\/tax-support-usa\/","url":"https:\/\/etaxespro.com\/tax-support-usa\/","name":"Expert Tax Support USA | Contact eTaxesPro Today","isPartOf":{"@id":"https:\/\/etaxespro.com\/#website"},"datePublished":"2025-10-25T03:07:59+00:00","dateModified":"2025-11-18T02:28:51+00:00","description":"Get expert tax support USA with eTaxesPro. Professional help with tax preparation, bookkeeping, and financial reporting. Contact us today.","breadcrumb":{"@id":"https:\/\/etaxespro.com\/tax-support-usa\/#breadcrumb"},"inLanguage":"es","potentialAction":[{"@type":"ReadAction","target":["https:\/\/etaxespro.com\/tax-support-usa\/"]}]},{"@type":"BreadcrumbList","@id":"https:\/\/etaxespro.com\/tax-support-usa\/#breadcrumb","itemListElement":[{"@type":"ListItem","position":1,"name":"Inicio","item":"https:\/\/etaxespro.com\/"},{"@type":"ListItem","position":2,"name":"Contacts"}]},{"@type":"WebSite","@id":"https:\/\/etaxespro.com\/#website","url":"https:\/\/etaxespro.com\/","name":"ETaxesPro","description":"Expertos en impuestos para peque\u00f1as empresas. Soluciones personalizadas, \u00e1giles y confiables para cumplir con todas tus obligaciones fiscales.","publisher":{"@id":"https:\/\/etaxespro.com\/#organization"},"potentialAction":[{"@type":"SearchAction","target":{"@type":"EntryPoint","urlTemplate":"https:\/\/etaxespro.com\/?s={search_term_string}"},"query-input":{"@type":"PropertyValueSpecification","valueRequired":true,"valueName":"search_term_string"}}],"inLanguage":"es"},{"@type":"Organization","@id":"https:\/\/etaxespro.com\/#organization","name":"ETaxesPro","url":"https:\/\/etaxespro.com\/","logo":{"@type":"ImageObject","inLanguage":"es","@id":"https:\/\/etaxespro.com\/#\/schema\/logo\/image\/","url":"https:\/\/etaxespro.com\/wp-content\/uploads\/2025\/11\/logo_footer.png","contentUrl":"https:\/\/etaxespro.com\/wp-content\/uploads\/2025\/11\/logo_footer.png","width":352,"height":338,"caption":"ETaxesPro"},"image":{"@id":"https:\/\/etaxespro.com\/#\/schema\/logo\/image\/"},"sameAs":["https:\/\/www.facebook.com\/ETaxesPro\/","https:\/\/x.com\/Vtintaya1012","https:\/\/www.instagram.com\/etaxespro\/"]}]}},"_links":{"self":[{"href":"https:\/\/etaxespro.com\/es\/wp-json\/wp\/v2\/pages\/116","targetHints":{"allow":["GET"]}}],"collection":[{"href":"https:\/\/etaxespro.com\/es\/wp-json\/wp\/v2\/pages"}],"about":[{"href":"https:\/\/etaxespro.com\/es\/wp-json\/wp\/v2\/types\/page"}],"author":[{"embeddable":true,"href":"https:\/\/etaxespro.com\/es\/wp-json\/wp\/v2\/users\/1"}],"replies":[{"embeddable":true,"href":"https:\/\/etaxespro.com\/es\/wp-json\/wp\/v2\/comments?post=116"}],"version-history":[{"count":110,"href":"https:\/\/etaxespro.com\/es\/wp-json\/wp\/v2\/pages\/116\/revisions"}],"predecessor-version":[{"id":1984,"href":"https:\/\/etaxespro.com\/es\/wp-json\/wp\/v2\/pages\/116\/revisions\/1984"}],"wp:attachment":[{"href":"https:\/\/etaxespro.com\/es\/wp-json\/wp\/v2\/media?parent=116"}],"curies":[{"name":"wp","href":"https:\/\/api.w.org\/{rel}","templated":true}]}}