{"id":1009,"date":"2025-11-01T03:53:53","date_gmt":"2025-11-01T03:53:53","guid":{"rendered":"https:\/\/etaxespro.com\/?page_id=1009"},"modified":"2025-11-17T00:59:24","modified_gmt":"2025-11-17T00:59:24","slug":"tax-news-usa","status":"publish","type":"page","link":"https:\/\/etaxespro.com\/es\/tax-news-usa\/","title":{"rendered":"Noticias"},"content":{"rendered":"<div data-elementor-type=\"wp-page\" data-elementor-id=\"1009\" class=\"elementor elementor-1009\">\n\t\t\t\t<div class=\"elementor-element elementor-element-e55f491 e-flex e-con-boxed e-con e-parent\" data-id=\"e55f491\" data-element_type=\"container\" data-settings=\"{&quot;background_background&quot;:&quot;classic&quot;}\">\n\t\t\t\t\t<div class=\"e-con-inner\">\n\t\t\t\t<div class=\"elementor-element elementor-element-6591ba5 elementor-widget elementor-widget-heading\" data-id=\"6591ba5\" data-element_type=\"widget\" data-widget_type=\"heading.default\">\n\t\t\t\t\t<h2 class=\"elementor-heading-title elementor-size-default\">NOTICIAS<\/h2>\t\t\t\t<\/div>\n\t\t\t\t\t<\/div>\n\t\t\t\t<\/div>\n\t\t<div class=\"elementor-element elementor-element-68c2741b e-flex e-con-boxed e-con e-parent\" data-id=\"68c2741b\" data-element_type=\"container\">\n\t\t\t\t\t<div class=\"e-con-inner\">\n\t\t<div class=\"elementor-element elementor-element-628bd800 e-con-full e-flex e-con e-child\" data-id=\"628bd800\" data-element_type=\"container\">\n\t\t<div class=\"elementor-element elementor-element-25de78aa e-con-full e-flex e-con e-child\" data-id=\"25de78aa\" data-element_type=\"container\">\n\t\t\t\t<div class=\"elementor-element elementor-element-73c9dea6 elementor-widget elementor-widget-elementskit-heading\" data-id=\"73c9dea6\" data-element_type=\"widget\" data-widget_type=\"elementskit-heading.default\">\n\t\t\t\t\t<div class=\"ekit-wid-con\" ><div class=\"ekit-heading elementskit-section-title-wraper text_left   ekit_heading_tablet-text_center   ekit_heading_mobile-\"><h2 class=\"ekit-heading--title elementskit-section-title\">\u00daltimas noticias<\/h2><\/div><\/div>\t\t\t\t<\/div>\n\t\t\t\t<\/div>\n\t\t<div class=\"elementor-element elementor-element-4802cfa1 e-con-full e-flex e-con e-child\" data-id=\"4802cfa1\" data-element_type=\"container\">\n\t\t\t\t<div class=\"elementor-element elementor-element-1cd88928 animated-fast elementor-invisible elementor-widget elementor-widget-text-editor\" data-id=\"1cd88928\" data-element_type=\"widget\" data-settings=\"{&quot;_animation&quot;:&quot;fadeInUp&quot;}\" data-widget_type=\"text-editor.default\">\n\t\t\t\t\t\t\t\t\t<p>Los impuestos no tienen por qu\u00e9 ser complicados. Nuestro blog es tu recurso esencial para obtener informaci\u00f3n fiscal clara y fiable, adem\u00e1s de estrategias para la declaraci\u00f3n. <b>Recibe la asesor\u00eda experta que necesitas para maximizar tu reembolso y presentar tu declaraci\u00f3n con confianza.<\/b><\/p>\t\t\t\t\t\t\t\t<\/div>\n\t\t\t\t<div class=\"elementor-element elementor-element-6d43aa31 elementor-widget-divider--view-line elementor-widget elementor-widget-divider\" data-id=\"6d43aa31\" data-element_type=\"widget\" data-widget_type=\"divider.default\">\n\t\t\t\t\t\t\t<div class=\"elementor-divider\">\n\t\t\t<span class=\"elementor-divider-separator\">\n\t\t\t\t\t\t<\/span>\n\t\t<\/div>\n\t\t\t\t\t\t<\/div>\n\t\t\t\t<\/div>\n\t\t\t\t<\/div>\n\t\t<div class=\"elementor-element elementor-element-11762729 e-con-full e-flex e-con e-child\" data-id=\"11762729\" data-element_type=\"container\">\n\t\t<div class=\"elementor-element elementor-element-48defe32 e-flex e-con-boxed e-con e-child\" data-id=\"48defe32\" data-element_type=\"container\">\n\t\t\t\t\t<div class=\"e-con-inner\">\n\t\t\t\t<div class=\"elementor-element elementor-element-7e64387 animated-fast elementor-invisible elementor-widget elementor-widget-elementskit-blog-posts\" data-id=\"7e64387\" data-element_type=\"widget\" data-settings=\"{&quot;_animation&quot;:&quot;zoomIn&quot;}\" data-widget_type=\"elementskit-blog-posts.default\">\n\t\t\t\t\t<div class=\"ekit-wid-con\" >        <div id=\"post-items--7e64387\" class=\"row post-items\">\n                    <div class=\"col-lg-12 col-md-12\">\n\n                                    <div class=\"elementskit-post-image-card\">\n                        <div class=\"elementskit-entry-header\">\n                                                            <a href=\"https:\/\/etaxespro.com\/es\/single\/\" class=\"elementskit-entry-thumb\">\n                                    <img decoding=\"async\" src=\"https:\/\/etaxespro.com\/wp-content\/uploads\/2025\/10\/news_single-scaled.webp\" alt=\"Single\">\n                                <\/a><!-- .elementskit-entry-thumb END -->\n                                                            \n                            \n\t\t\t\t\t\t\t\t\t\t\t\t\t<\/div><!-- .elementskit-entry-header END -->\n\n\t\t\t\t\t\t<div class=\"elementskit-post-body\">\n\t\t\t\t\t\t\t\n\t\t\t\t\t\t\t\t\t\t\t\t\t\t\t\t\t\t\t\t\t\t\t\t\t\t\t\t<div class=\"post-meta-list\">\n\t\t\t\t\t\t\t\t\t\t\t\t\t\t\t\t\t\t\t\t\t\t\t\t\t\t\t\t\t\t\t\t<span class=\"meta-date\">\n\t\t\t\t\t\t\t\t\t\t<i aria-hidden=\"true\" class=\"icon icon-calendar\"><\/i>\t\t\t\t\t\t\t\t\t\t<span class=\"meta-date-text\">\n\t\t\t\t\t\t\t\t\t\t\toctubre 26, 2025\t\t\t\t\t\t\t\t\t\t<\/span>\n\t\t\t\t\t\t\t\t\t<\/span>\n\t\t\t\t\t\t\t\t\t\t\t\t\t\t\t\t\t\t\t\t\t\t\t\t\t\t\t\t\t\t\t\t\t\t\t\t\t\t\t\t\t\t\t\t\t\t\t\t\t\t\t\t\t\t\t\t\t\t\t\t\t\t\t\t\t\t\t\t\t\t\t\t<span class=\"post-comment\">\n\t\t\t\t\t\t\t\t\t\t<i aria-hidden=\"true\" class=\"icon icon-comment2\"><\/i>\t\t\t\t\t\t\t\t\t\t<a href=\"https:\/\/etaxespro.com\/es\/single\/#respond\">0<\/a>\n\t\t\t\t\t\t\t\t\t<\/span>\n\t\t\t\t\t\t\t\t\t\t\t\t\t\t\t\t\t\t\t\t\t<\/div>\n\t\t\t\t\t\t\t\t\t\t\t\t\t\n\t\t\t\t\t\t\t\t\n\t\t\t\t\t\t\t\t\t\t\t\t\t\t\t\t\t\t\t\t\t<h2 class=\"entry-title\">\n\t\t\t\t\t<a href=\"https:\/\/etaxespro.com\/es\/single\/\">\n\t\t\t\t\t\tIndividual\t\t\t\t\t<\/a>\n\t\t\t\t<\/h2>\n\t\t\t\t\t\t\t\t\t\t\t\t\t\t\t\t\t\t\t\t\t\t\t\t\t\t\t\t\t\t\t\t\t\t\t\t\t\t\t\t\t\t<p>Single Post Recientes noviembre 1, 2025 The Power of the W-4 noviembre 1, 2025 Tax Law Figures for Individuals octubre 26, 2025 Single Marital StatusA&hellip;<\/p>\n\t\t\t\t\t\t\t\t\t\t\t\t\t\t\t\t\t\t\t\t\t\t                                                            <div class=\"btn-wraper\">\n                                    \n                                                                            <a class=\"elementskit-btn whitespace--normal\" id=\"\" href=\"https:\/\/etaxespro.com\/es\/single\/\">\n                                        \t                                            Leer m\u00e1s                                         <\/a>\n                                                                    <\/div>\n                                                    <\/div><!-- .elementskit-post-body END -->\n                    <\/div>\n                \n            <\/div>\n                <\/div>\n       <\/div>\t\t\t\t<\/div>\n\t\t\t\t\t<\/div>\n\t\t\t\t<\/div>\n\t\t<div class=\"elementor-element elementor-element-1e9e2b22 e-flex e-con-boxed e-con e-child\" data-id=\"1e9e2b22\" data-element_type=\"container\">\n\t\t\t\t\t<div class=\"e-con-inner\">\n\t\t\t\t<div class=\"elementor-element elementor-element-7f0c9613 elementor-invisible elementor-widget elementor-widget-elementskit-blog-posts\" data-id=\"7f0c9613\" data-element_type=\"widget\" data-settings=\"{&quot;_animation&quot;:&quot;zoomIn&quot;}\" data-widget_type=\"elementskit-blog-posts.default\">\n\t\t\t\t\t<div class=\"ekit-wid-con\" >        <div id=\"post-items--7f0c9613\" class=\"row post-items\">\n                    <div class=\"col-md-12\">\n\n                                    <div class=\"elementskit-blog-block-post\">\n                        <div class=\"row no-gutters\">\n                                                            <div class=\"col-md-6 order-1\">\n                                    <a href=\"https:\/\/etaxespro.com\/es\/single-4\/\" class=\"elementskit-entry-thumb\">\n                                        <img decoding=\"async\" src=\"https:\/\/etaxespro.com\/wp-content\/uploads\/2025\/11\/news_w4-scaled.webp\" alt=\"The Power of the W-4\">\n                                    <\/a><!-- .elementskit-entry-thumb END -->\n                                <\/div>\n                            \n                            <div class=\"col-md-6 order-2\">\n                                <div class=\"elementskit-post-body\">\n                                    <div class=\"elementskit-entry-header\">\n                                        \n                                                                                            \t\t\t\t\t\t\t\t\t\t\t<div class=\"post-meta-list\">\n\t\t\t\t\t\t\t\t\t\t\t\t\t\t\t\t\t\t\t\t\t\t\t\t\t\t\t\t\t\t\t\t<span class=\"meta-date\">\n\t\t\t\t\t\t\t\t\t\t<i aria-hidden=\"true\" class=\"icon icon-calendar\"><\/i>\t\t\t\t\t\t\t\t\t\t<span class=\"meta-date-text\">\n\t\t\t\t\t\t\t\t\t\t\tnoviembre 1, 2025\t\t\t\t\t\t\t\t\t\t<\/span>\n\t\t\t\t\t\t\t\t\t<\/span>\n\t\t\t\t\t\t\t\t\t\t\t\t\t\t\t\t\t\t\t\t\t\t\t\t\t\t\t\t\t\t\t\t\t\t\t\t\t<\/div>\n\t\t\t\t\t                                            \n                                            \n                                                                                            \t\t\t\t<h2 class=\"entry-title\">\n\t\t\t\t\t<a href=\"https:\/\/etaxespro.com\/es\/single-4\/\">\n\t\t\t\t\t\tEl poder del W-4\t\t\t\t\t<\/a>\n\t\t\t\t<\/h2>\n\t\t\t                                                                                <\/div><!-- .elementskit-entry-header END -->\n\n                                                                            <div class=\"elementskit-post-footer\">\n                                                                                            <p>The Power of the W-4: How to Maximize&hellip;<\/p>\n                                                                                                                                <\/div><!-- .elementskit-post-footer END -->\n                                                                    <\/div><!-- .elementskit-post-body END -->\n                            <\/div>\n                        <\/div>\n                    <\/div><!-- .elementskit-blog-block-post .radius .gradient-bg END -->\n                \n            <\/div>\n                    <div class=\"col-md-12\">\n\n                                    <div class=\"elementskit-blog-block-post\">\n                        <div class=\"row no-gutters\">\n                                                            <div class=\"col-md-6 order-1\">\n                                    <a href=\"https:\/\/etaxespro.com\/es\/single-2-2\/\" class=\"elementskit-entry-thumb\">\n                                        <img decoding=\"async\" src=\"https:\/\/etaxespro.com\/wp-content\/uploads\/2025\/11\/news_household-scaled.webp\" alt=\"Head Of Household\">\n                                    <\/a><!-- .elementskit-entry-thumb END -->\n                                <\/div>\n                            \n                            <div class=\"col-md-6 order-2\">\n                                <div class=\"elementskit-post-body\">\n                                    <div class=\"elementskit-entry-header\">\n                                        \n                                                                                            \t\t\t\t\t\t\t\t\t\t\t<div class=\"post-meta-list\">\n\t\t\t\t\t\t\t\t\t\t\t\t\t\t\t\t\t\t\t\t\t\t\t\t\t\t\t\t\t\t\t\t<span class=\"meta-date\">\n\t\t\t\t\t\t\t\t\t\t<i aria-hidden=\"true\" class=\"icon icon-calendar\"><\/i>\t\t\t\t\t\t\t\t\t\t<span class=\"meta-date-text\">\n\t\t\t\t\t\t\t\t\t\t\tnoviembre 1, 2025\t\t\t\t\t\t\t\t\t\t<\/span>\n\t\t\t\t\t\t\t\t\t<\/span>\n\t\t\t\t\t\t\t\t\t\t\t\t\t\t\t\t\t\t\t\t\t\t\t\t\t\t\t\t\t\t\t\t\t\t\t\t\t<\/div>\n\t\t\t\t\t                                            \n                                            \n                                                                                            \t\t\t\t<h2 class=\"entry-title\">\n\t\t\t\t\t<a href=\"https:\/\/etaxespro.com\/es\/single-2-2\/\">\n\t\t\t\t\t\tJefe de familia\t\t\t\t\t<\/a>\n\t\t\t\t<\/h2>\n\t\t\t                                                                                <\/div><!-- .elementskit-entry-header END -->\n\n                                                                            <div class=\"elementskit-post-footer\">\n                                                                                            <p>Head Of Household Post Recientes noviembre 1, 2025&hellip;<\/p>\n                                                                                                                                <\/div><!-- .elementskit-post-footer END -->\n                                                                    <\/div><!-- .elementskit-post-body END -->\n                            <\/div>\n                        <\/div>\n                    <\/div><!-- .elementskit-blog-block-post .radius .gradient-bg END -->\n                \n            <\/div>\n                    <div class=\"col-md-12\">\n\n                                    <div class=\"elementskit-blog-block-post\">\n                        <div class=\"row no-gutters\">\n                                                            <div class=\"col-md-6 order-1\">\n                                    <a href=\"https:\/\/etaxespro.com\/es\/single-3-2\/\" class=\"elementskit-entry-thumb\">\n                                        <img decoding=\"async\" src=\"https:\/\/etaxespro.com\/wp-content\/uploads\/2025\/11\/news_separately-scaled.webp\" alt=\"Married Filing Separately\">\n                                    <\/a><!-- .elementskit-entry-thumb END -->\n                                <\/div>\n                            \n                            <div class=\"col-md-6 order-2\">\n                                <div class=\"elementskit-post-body\">\n                                    <div class=\"elementskit-entry-header\">\n                                        \n                                                                                            \t\t\t\t\t\t\t\t\t\t\t<div class=\"post-meta-list\">\n\t\t\t\t\t\t\t\t\t\t\t\t\t\t\t\t\t\t\t\t\t\t\t\t\t\t\t\t\t\t\t\t<span class=\"meta-date\">\n\t\t\t\t\t\t\t\t\t\t<i aria-hidden=\"true\" class=\"icon icon-calendar\"><\/i>\t\t\t\t\t\t\t\t\t\t<span class=\"meta-date-text\">\n\t\t\t\t\t\t\t\t\t\t\tnoviembre 1, 2025\t\t\t\t\t\t\t\t\t\t<\/span>\n\t\t\t\t\t\t\t\t\t<\/span>\n\t\t\t\t\t\t\t\t\t\t\t\t\t\t\t\t\t\t\t\t\t\t\t\t\t\t\t\t\t\t\t\t\t\t\t\t\t<\/div>\n\t\t\t\t\t                                            \n                                            \n                                                                                            \t\t\t\t<h2 class=\"entry-title\">\n\t\t\t\t\t<a href=\"https:\/\/etaxespro.com\/es\/single-3-2\/\">\n\t\t\t\t\t\tCasados que presentan declaraciones por separado\t\t\t\t\t<\/a>\n\t\t\t\t<\/h2>\n\t\t\t                                                                                <\/div><!-- .elementskit-entry-header END -->\n\n                                                                            <div class=\"elementskit-post-footer\">\n                                                                                            <p>Married Filing Separately Post Recientes noviembre 1, 2025&hellip;<\/p>\n                                                                                                                                <\/div><!-- .elementskit-post-footer END -->\n                                                                    <\/div><!-- .elementskit-post-body END -->\n                            <\/div>\n                        <\/div>\n                    <\/div><!-- .elementskit-blog-block-post .radius .gradient-bg END -->\n                \n            <\/div>\n                <\/div>\n       <\/div>\t\t\t\t<\/div>\n\t\t\t\t\t<\/div>\n\t\t\t\t<\/div>\n\t\t\t\t<\/div>\n\t\t\t\t\t<\/div>\n\t\t\t\t<\/div>\n\t\t\t\t<\/div>","protected":false},"excerpt":{"rendered":"<p>NEWS Latest News Taxes don&#8217;t have to be complicated. Our blog is your essential resource for clear, reliable tax information and filing strategies. Get the expert guidance you need to maximize your refund and file with confidence. octubre 26, 2025 0 Single Single Post Recientes noviembre 1, 2025 The Power of the W-4 noviembre 1, [&hellip;]<\/p>","protected":false},"author":1,"featured_media":0,"parent":0,"menu_order":0,"comment_status":"closed","ping_status":"closed","template":"elementor_header_footer","meta":{"_joinchat":[],"footnotes":""},"class_list":["post-1009","page","type-page","status-publish","hentry"],"yoast_head":"<!-- This site is optimized with the Yoast SEO plugin v26.4 - https:\/\/yoast.com\/wordpress\/plugins\/seo\/ -->\n<title>Tax news USA: Gu\u00eda esencial para declarar impuestos - ETaxesPro<\/title>\n<meta name=\"description\" content=\"Encuentra las \u00faltimas tax news USA y simplifica la declaraci\u00f3n de impuestos con nuestra gu\u00eda confiable y experta.\" \/>\n<meta name=\"robots\" content=\"index, follow, max-snippet:-1, max-image-preview:large, max-video-preview:-1\" \/>\n<link rel=\"canonical\" href=\"https:\/\/etaxespro.com\/es\/tax-news-usa\/\" \/>\n<meta property=\"og:locale\" content=\"es_ES\" \/>\n<meta property=\"og:type\" content=\"article\" \/>\n<meta property=\"og:title\" content=\"Tax news USA: Gu\u00eda esencial para declarar impuestos - ETaxesPro\" \/>\n<meta property=\"og:description\" content=\"Encuentra las \u00faltimas tax news USA y simplifica la declaraci\u00f3n de impuestos con nuestra gu\u00eda confiable y experta.\" \/>\n<meta property=\"og:url\" content=\"https:\/\/etaxespro.com\/es\/tax-news-usa\/\" \/>\n<meta property=\"og:site_name\" content=\"ETaxesPro\" \/>\n<meta property=\"article:publisher\" content=\"https:\/\/www.facebook.com\/ETaxesPro\/\" \/>\n<meta property=\"article:modified_time\" content=\"2025-11-17T00:59:24+00:00\" \/>\n<meta property=\"og:image\" content=\"https:\/\/etaxespro.com\/wp-content\/uploads\/2025\/10\/news_single-scaled.webp\" \/>\n<meta name=\"twitter:card\" content=\"summary_large_image\" \/>\n<meta name=\"twitter:site\" content=\"@Vtintaya1012\" \/>\n<meta name=\"twitter:label1\" content=\"Tiempo de lectura\" \/>\n\t<meta name=\"twitter:data1\" content=\"2 minutos\" \/>\n<script type=\"application\/ld+json\" class=\"yoast-schema-graph\">{\"@context\":\"https:\/\/schema.org\",\"@graph\":[{\"@type\":\"WebPage\",\"@id\":\"https:\/\/etaxespro.com\/tax-news-usa\/\",\"url\":\"https:\/\/etaxespro.com\/tax-news-usa\/\",\"name\":\"Tax news USA: Gu\u00eda esencial para declarar impuestos - ETaxesPro\",\"isPartOf\":{\"@id\":\"https:\/\/etaxespro.com\/#website\"},\"primaryImageOfPage\":{\"@id\":\"https:\/\/etaxespro.com\/tax-news-usa\/#primaryimage\"},\"image\":{\"@id\":\"https:\/\/etaxespro.com\/tax-news-usa\/#primaryimage\"},\"thumbnailUrl\":\"https:\/\/etaxespro.com\/wp-content\/uploads\/2025\/10\/news_single-scaled.webp\",\"datePublished\":\"2025-11-01T03:53:53+00:00\",\"dateModified\":\"2025-11-17T00:59:24+00:00\",\"description\":\"Encuentra las \u00faltimas tax news USA y simplifica la declaraci\u00f3n de impuestos con nuestra gu\u00eda confiable y experta.\",\"breadcrumb\":{\"@id\":\"https:\/\/etaxespro.com\/tax-news-usa\/#breadcrumb\"},\"inLanguage\":\"es\",\"potentialAction\":[{\"@type\":\"ReadAction\",\"target\":[\"https:\/\/etaxespro.com\/tax-news-usa\/\"]}]},{\"@type\":\"ImageObject\",\"inLanguage\":\"es\",\"@id\":\"https:\/\/etaxespro.com\/tax-news-usa\/#primaryimage\",\"url\":\"https:\/\/etaxespro.com\/wp-content\/uploads\/2025\/10\/news_single-scaled.webp\",\"contentUrl\":\"https:\/\/etaxespro.com\/wp-content\/uploads\/2025\/10\/news_single-scaled.webp\"},{\"@type\":\"BreadcrumbList\",\"@id\":\"https:\/\/etaxespro.com\/tax-news-usa\/#breadcrumb\",\"itemListElement\":[{\"@type\":\"ListItem\",\"position\":1,\"name\":\"Inicio\",\"item\":\"https:\/\/etaxespro.com\/\"},{\"@type\":\"ListItem\",\"position\":2,\"name\":\"News\"}]},{\"@type\":\"WebSite\",\"@id\":\"https:\/\/etaxespro.com\/#website\",\"url\":\"https:\/\/etaxespro.com\/\",\"name\":\"ETaxesPro\",\"description\":\"Expertos en impuestos para peque\u00f1as empresas. Soluciones personalizadas, \u00e1giles y confiables para cumplir con todas tus obligaciones fiscales.\",\"publisher\":{\"@id\":\"https:\/\/etaxespro.com\/#organization\"},\"potentialAction\":[{\"@type\":\"SearchAction\",\"target\":{\"@type\":\"EntryPoint\",\"urlTemplate\":\"https:\/\/etaxespro.com\/?s={search_term_string}\"},\"query-input\":{\"@type\":\"PropertyValueSpecification\",\"valueRequired\":true,\"valueName\":\"search_term_string\"}}],\"inLanguage\":\"es\"},{\"@type\":\"Organization\",\"@id\":\"https:\/\/etaxespro.com\/#organization\",\"name\":\"ETaxesPro\",\"url\":\"https:\/\/etaxespro.com\/\",\"logo\":{\"@type\":\"ImageObject\",\"inLanguage\":\"es\",\"@id\":\"https:\/\/etaxespro.com\/#\/schema\/logo\/image\/\",\"url\":\"https:\/\/etaxespro.com\/wp-content\/uploads\/2025\/11\/logo_footer.png\",\"contentUrl\":\"https:\/\/etaxespro.com\/wp-content\/uploads\/2025\/11\/logo_footer.png\",\"width\":352,\"height\":338,\"caption\":\"ETaxesPro\"},\"image\":{\"@id\":\"https:\/\/etaxespro.com\/#\/schema\/logo\/image\/\"},\"sameAs\":[\"https:\/\/www.facebook.com\/ETaxesPro\/\",\"https:\/\/x.com\/Vtintaya1012\",\"https:\/\/www.instagram.com\/etaxespro\/\"]}]}<\/script>\n<!-- \/ Yoast SEO plugin. -->","yoast_head_json":{"title":"Tax news USA: Gu\u00eda esencial para declarar impuestos - ETaxesPro","description":"Encuentra las \u00faltimas tax news USA y simplifica la declaraci\u00f3n de impuestos con nuestra gu\u00eda confiable y experta.","robots":{"index":"index","follow":"follow","max-snippet":"max-snippet:-1","max-image-preview":"max-image-preview:large","max-video-preview":"max-video-preview:-1"},"canonical":"https:\/\/etaxespro.com\/es\/tax-news-usa\/","og_locale":"es_ES","og_type":"article","og_title":"Tax news USA: Gu\u00eda esencial para declarar impuestos - ETaxesPro","og_description":"Encuentra las \u00faltimas tax news USA y simplifica la declaraci\u00f3n de impuestos con nuestra gu\u00eda confiable y experta.","og_url":"https:\/\/etaxespro.com\/es\/tax-news-usa\/","og_site_name":"ETaxesPro","article_publisher":"https:\/\/www.facebook.com\/ETaxesPro\/","article_modified_time":"2025-11-17T00:59:24+00:00","og_image":[{"url":"https:\/\/etaxespro.com\/wp-content\/uploads\/2025\/10\/news_single-scaled.webp","type":"","width":"","height":""}],"twitter_card":"summary_large_image","twitter_site":"@Vtintaya1012","twitter_misc":{"Tiempo de lectura":"2 minutos"},"schema":{"@context":"https:\/\/schema.org","@graph":[{"@type":"WebPage","@id":"https:\/\/etaxespro.com\/tax-news-usa\/","url":"https:\/\/etaxespro.com\/tax-news-usa\/","name":"Tax news USA: Gu\u00eda esencial para declarar impuestos - ETaxesPro","isPartOf":{"@id":"https:\/\/etaxespro.com\/#website"},"primaryImageOfPage":{"@id":"https:\/\/etaxespro.com\/tax-news-usa\/#primaryimage"},"image":{"@id":"https:\/\/etaxespro.com\/tax-news-usa\/#primaryimage"},"thumbnailUrl":"https:\/\/etaxespro.com\/wp-content\/uploads\/2025\/10\/news_single-scaled.webp","datePublished":"2025-11-01T03:53:53+00:00","dateModified":"2025-11-17T00:59:24+00:00","description":"Encuentra las \u00faltimas tax news USA y simplifica la declaraci\u00f3n de impuestos con nuestra gu\u00eda confiable y experta.","breadcrumb":{"@id":"https:\/\/etaxespro.com\/tax-news-usa\/#breadcrumb"},"inLanguage":"es","potentialAction":[{"@type":"ReadAction","target":["https:\/\/etaxespro.com\/tax-news-usa\/"]}]},{"@type":"ImageObject","inLanguage":"es","@id":"https:\/\/etaxespro.com\/tax-news-usa\/#primaryimage","url":"https:\/\/etaxespro.com\/wp-content\/uploads\/2025\/10\/news_single-scaled.webp","contentUrl":"https:\/\/etaxespro.com\/wp-content\/uploads\/2025\/10\/news_single-scaled.webp"},{"@type":"BreadcrumbList","@id":"https:\/\/etaxespro.com\/tax-news-usa\/#breadcrumb","itemListElement":[{"@type":"ListItem","position":1,"name":"Inicio","item":"https:\/\/etaxespro.com\/"},{"@type":"ListItem","position":2,"name":"News"}]},{"@type":"WebSite","@id":"https:\/\/etaxespro.com\/#website","url":"https:\/\/etaxespro.com\/","name":"ETaxesPro","description":"Expertos en impuestos para peque\u00f1as empresas. Soluciones personalizadas, \u00e1giles y confiables para cumplir con todas tus obligaciones fiscales.","publisher":{"@id":"https:\/\/etaxespro.com\/#organization"},"potentialAction":[{"@type":"SearchAction","target":{"@type":"EntryPoint","urlTemplate":"https:\/\/etaxespro.com\/?s={search_term_string}"},"query-input":{"@type":"PropertyValueSpecification","valueRequired":true,"valueName":"search_term_string"}}],"inLanguage":"es"},{"@type":"Organization","@id":"https:\/\/etaxespro.com\/#organization","name":"ETaxesPro","url":"https:\/\/etaxespro.com\/","logo":{"@type":"ImageObject","inLanguage":"es","@id":"https:\/\/etaxespro.com\/#\/schema\/logo\/image\/","url":"https:\/\/etaxespro.com\/wp-content\/uploads\/2025\/11\/logo_footer.png","contentUrl":"https:\/\/etaxespro.com\/wp-content\/uploads\/2025\/11\/logo_footer.png","width":352,"height":338,"caption":"ETaxesPro"},"image":{"@id":"https:\/\/etaxespro.com\/#\/schema\/logo\/image\/"},"sameAs":["https:\/\/www.facebook.com\/ETaxesPro\/","https:\/\/x.com\/Vtintaya1012","https:\/\/www.instagram.com\/etaxespro\/"]}]}},"_links":{"self":[{"href":"https:\/\/etaxespro.com\/es\/wp-json\/wp\/v2\/pages\/1009","targetHints":{"allow":["GET"]}}],"collection":[{"href":"https:\/\/etaxespro.com\/es\/wp-json\/wp\/v2\/pages"}],"about":[{"href":"https:\/\/etaxespro.com\/es\/wp-json\/wp\/v2\/types\/page"}],"author":[{"embeddable":true,"href":"https:\/\/etaxespro.com\/es\/wp-json\/wp\/v2\/users\/1"}],"replies":[{"embeddable":true,"href":"https:\/\/etaxespro.com\/es\/wp-json\/wp\/v2\/comments?post=1009"}],"version-history":[{"count":20,"href":"https:\/\/etaxespro.com\/es\/wp-json\/wp\/v2\/pages\/1009\/revisions"}],"predecessor-version":[{"id":1629,"href":"https:\/\/etaxespro.com\/es\/wp-json\/wp\/v2\/pages\/1009\/revisions\/1629"}],"wp:attachment":[{"href":"https:\/\/etaxespro.com\/es\/wp-json\/wp\/v2\/media?parent=1009"}],"curies":[{"name":"wp","href":"https:\/\/api.w.org\/{rel}","templated":true}]}}